{"id":5474,"date":"2020-07-03T18:42:45","date_gmt":"2020-07-03T15:42:45","guid":{"rendered":"https:\/\/www.nordman-algorithms.com\/?page_id=5474"},"modified":"2023-03-30T14:07:47","modified_gmt":"2023-03-30T11:07:47","slug":"como-funciona","status":"publish","type":"page","link":"https:\/\/www.nordman-algorithms.com\/es\/como-funciona\/","title":{"rendered":"C\u00f3mo funciona"},"content":{"rendered":"\n<div id=\"base_div\" style=\"font-family:'Nunito Sans', sans-serif; font-size:20px; line-height:28px\">\nNuestro objetivo es apoyarle en todas las etapas del proyecto:\n<br>\n<br>\n<ul>\n<li>Analizar su solicitud;<\/li>\n<li>Compartir nuestra experiencia en puntos clave de su estrategia de negociaci\u00f3n o m\u00e9todos de an\u00e1lisis de datos;<\/li>\n<li>Desarrollo de un algoritmo eficaz;<\/li>\n<li>Comprobaciones en fase beta;<\/li>\n<li>Puesta a punto;<\/li>\n<li>Optimizaci\u00f3n y backtesting;<\/li>  \n<li>Apoyo continuo.<\/li>\n<\/ul>\n<\/div>\n","protected":false},"excerpt":{"rendered":"<p>Nuestro objetivo es apoyarle en todas las etapas del proyecto: Analizar su solicitud; Compartir nuestra experiencia en puntos clave de su estrategia de negociaci\u00f3n o m\u00e9todos de an\u00e1lisis de datos; Desarrollo de un algoritmo eficaz; Comprobaciones en fase beta; Puesta a punto; Optimizaci\u00f3n y backtesting; Apoyo continuo.<\/p>\n","protected":false},"author":1,"featured_media":0,"parent":0,"menu_order":0,"comment_status":"closed","ping_status":"closed","template":"template-legal.php","meta":{"footnotes":"","_links_to":"","_links_to_target":""},"_links":{"self":[{"href":"https:\/\/www.nordman-algorithms.com\/es\/wp-json\/wp\/v2\/pages\/5474"}],"collection":[{"href":"https:\/\/www.nordman-algorithms.com\/es\/wp-json\/wp\/v2\/pages"}],"about":[{"href":"https:\/\/www.nordman-algorithms.com\/es\/wp-json\/wp\/v2\/types\/page"}],"author":[{"embeddable":true,"href":"https:\/\/www.nordman-algorithms.com\/es\/wp-json\/wp\/v2\/users\/1"}],"replies":[{"embeddable":true,"href":"https:\/\/www.nordman-algorithms.com\/es\/wp-json\/wp\/v2\/comments?post=5474"}],"version-history":[{"count":10,"href":"https:\/\/www.nordman-algorithms.com\/es\/wp-json\/wp\/v2\/pages\/5474\/revisions"}],"predecessor-version":[{"id":14005,"href":"https:\/\/www.nordman-algorithms.com\/es\/wp-json\/wp\/v2\/pages\/5474\/revisions\/14005"}],"wp:attachment":[{"href":"https:\/\/www.nordman-algorithms.com\/es\/wp-json\/wp\/v2\/media?parent=5474"}],"curies":[{"name":"wp","href":"https:\/\/api.w.org\/{rel}","templated":true}]}}