{"id":5464,"date":"2020-07-03T18:21:00","date_gmt":"2020-07-03T15:21:00","guid":{"rendered":"https:\/\/www.nordman-algorithms.com\/?page_id=5464"},"modified":"2022-10-26T00:06:15","modified_gmt":"2022-10-25T21:06:15","slug":"comunicacion-de-riesgos","status":"publish","type":"page","link":"https:\/\/www.nordman-algorithms.com\/es\/comunicacion-de-riesgos\/","title":{"rendered":"Comunicaci\u00f3n de riesgos"},"content":{"rendered":"\n<div id=\"base_div\" style=\"font-family:'Nunito Sans', sans-serif; font-size:20px; line-height:28px\">\n<br>\nNegociar implica un riesgo considerable y no es para todos los inversores. Un inversor puede perder potencialmente toda o m\u00e1s de la inversi\u00f3n inicial. El capital de riesgo es el dinero que se puede perder sin poner en peligro la seguridad financiera o el estilo de vida. S\u00f3lo debe utilizarse el capital de riesgo para negociar y s\u00f3lo los que tienen suficiente capital de riesgo deben considerar la posibilidad de negociar. Los resultados anteriores no son necesariamente indicativos de los que puedan presentarse en el futuro.\n<br>\n<br>\nLos resultados hipot\u00e9ticos o simulados tienen ciertas limitaciones, ya que, a diferencia de un registro de rendimiento real, los resultados simulados no representan la negociaci\u00f3n real. Adem\u00e1s, dado que las operaciones no se han ejecutado, los resultados pueden haber compensado de forma insuficiente o excesiva el impacto, en su caso, de determinados factores del mercado, como la falta de liquidez. La gran mayor\u00eda de programas de comercio simulado tambi\u00e9n est\u00e1n sujetos al hecho de que est\u00e1n dise\u00f1ados con el beneficio de la retrospectiva. No se garantiza que ninguna cuenta vaya a obtener o pueda obtener beneficios o p\u00e9rdidas similares a los mostrados.\n<br>\n<br>\nToda la informaci\u00f3n, el contenido, las opiniones, las investigaciones y los an\u00e1lisis que figuran en este sitio web se facilitan \u00fanicamente con fines informativos y no constituyen asesoramiento en materia de inversi\u00f3n.\n<br>\n<br>\nNordman-algorithms.com no aceptar\u00e1 ninguna responsabilidad por cualquier p\u00e9rdida o da\u00f1o, incluyendo, sin estar limitado a cualquier p\u00e9rdida de beneficios que pueda surgir directa o indirectamente del uso o la confianza en dicha informaci\u00f3n.\n<br>\n<br>\nUsted es plenamente responsable de las decisiones de inversi\u00f3n que tome. Dichas decisiones deben basarse \u00fanicamente en su evaluaci\u00f3n de las circunstancias financieras, los objetivos de inversi\u00f3n y la tolerancia al riesgo.\n<br>\n<br>\nNo debe confiar \u00fanicamente en la informaci\u00f3n u opiniones que lea en el sitio web. M\u00e1s bien, debe utilizar lo que lee como punto de partida para hacer su propia investigaci\u00f3n independiente, su propio an\u00e1lisis independiente y perfeccionar sus propios m\u00e9todos de negociaci\u00f3n antes de poner su dinero en riesgo.\n<br>\n<br>\nLos servicios de www.nordman-algorithms.com consisten en el desarrollo, la mejora, la modificaci\u00f3n y el ensayo de diversos productos automatizados destinados al comercio de acuerdo con las especificaciones facilitadas por el cliente. El www.nordman-algorithms.com proporciona el producto automatizado en s\u00ed mismo, mientras que el cliente es libre de utilizar el producto automatizado para cualquier fin. Nordman-algoritms.com no proporciona asesoramiento comercial ni contrata a nadie para realizar operaciones con ning\u00fan tipo de instrumento financiero.\n<br>\n<br>\nTenga en cuenta que los testimonios que aparecen en este sitio web pueden no ser representativos de otros clientes o consumidores y no es una garant\u00eda de rendimiento o \u00e9xito futuro.\n<br>\n<\/div>\n<br>\n<br>\n","protected":false},"excerpt":{"rendered":"<p>Negociar implica un riesgo considerable y no es para todos los inversores. Un inversor puede perder potencialmente toda o m\u00e1s de la inversi\u00f3n inicial. El capital de riesgo es el dinero que se puede perder sin poner en peligro la seguridad financiera o el estilo de vida. S\u00f3lo debe utilizarse el capital de riesgo para &hellip; <a href=\"https:\/\/www.nordman-algorithms.com\/es\/comunicacion-de-riesgos\/\" class=\"more-link\">Continue reading<span class=\"screen-reader-text\"> &#8220;Comunicaci\u00f3n de riesgos&#8221;<\/span><\/a><\/p>\n","protected":false},"author":1,"featured_media":0,"parent":0,"menu_order":0,"comment_status":"closed","ping_status":"closed","template":"template-legal.php","meta":{"footnotes":"","_links_to":"","_links_to_target":""},"_links":{"self":[{"href":"https:\/\/www.nordman-algorithms.com\/es\/wp-json\/wp\/v2\/pages\/5464"}],"collection":[{"href":"https:\/\/www.nordman-algorithms.com\/es\/wp-json\/wp\/v2\/pages"}],"about":[{"href":"https:\/\/www.nordman-algorithms.com\/es\/wp-json\/wp\/v2\/types\/page"}],"author":[{"embeddable":true,"href":"https:\/\/www.nordman-algorithms.com\/es\/wp-json\/wp\/v2\/users\/1"}],"replies":[{"embeddable":true,"href":"https:\/\/www.nordman-algorithms.com\/es\/wp-json\/wp\/v2\/comments?post=5464"}],"version-history":[{"count":11,"href":"https:\/\/www.nordman-algorithms.com\/es\/wp-json\/wp\/v2\/pages\/5464\/revisions"}],"predecessor-version":[{"id":13983,"href":"https:\/\/www.nordman-algorithms.com\/es\/wp-json\/wp\/v2\/pages\/5464\/revisions\/13983"}],"wp:attachment":[{"href":"https:\/\/www.nordman-algorithms.com\/es\/wp-json\/wp\/v2\/media?parent=5464"}],"curies":[{"name":"wp","href":"https:\/\/api.w.org\/{rel}","templated":true}]}}