{"id":5460,"date":"2020-07-03T18:22:34","date_gmt":"2020-07-03T15:22:34","guid":{"rendered":"https:\/\/www.nordman-algorithms.com\/?page_id=5460"},"modified":"2023-03-30T14:08:17","modified_gmt":"2023-03-30T11:08:17","slug":"terminos","status":"publish","type":"page","link":"https:\/\/www.nordman-algorithms.com\/es\/terminos\/","title":{"rendered":"Condiciones de servicio"},"content":{"rendered":"\n<h2 class=\"wp-block-heading\"><strong>Administrador del sitio web<\/strong><\/h2>\n\n\n\n<div id=\"base_div\" style=\"font-family:'Nunito Sans', sans-serif; font-size:20px; line-height:28px\">\nEl propietario y administrador del sitio web www.nordman-algorithms.com (&#8220;Sitio web&#8221;) es Nordman Algorithms O\u00dc, una sociedad an\u00f3nima constituida bajo las leyes de Estonia, con domicilio social en Tallin, Vesiv\u00e4rava str. 50-201, c\u00f3digo de registro: 14435535.\n<br>\n<\/div>\n<br>\n\n\n\n<h2 class=\"wp-block-heading\"><strong>Aceptaci\u00f3n de las condiciones de servicio<\/strong><\/h2>\n\n\n\n<div id=\"base_div\" style=\"font-family:'Nunito Sans', sans-serif; font-size:20px; line-height:28px\">\nSu acuerdo con nosotros incluye estas condiciones de servicio que usted acepta. Al utilizar el sitio web de Nordman Algorithms (www.nordman-algorithms.com), el usuario reconoce haber le\u00eddo las Condiciones de servicio y estar de acuerdo con todas sus disposiciones. Si NO EST\u00c1 DE ACUERDO, le pedimos que NO acceda ni utilice el sitio web.\n<br>\n<\/div>\n<br>\n\n\n\n<h2 class=\"wp-block-heading\"><strong>Cl\u00e1usula de excensi\u00f3n de responsabilidad<\/strong><\/h2>\n\n\n\n<div id=\"base_div\" style=\"font-family:'Nunito Sans', sans-serif; font-size:20px; line-height:28px\">\nUsted entiende y acepta que el servicio del sitio web se proporciona &#8220;tal cual&#8221; y &#8220;como est\u00e1 disponible&#8221;, sin garant\u00edas ni condiciones expresas o impl\u00edcitas de ning\u00fan tipo. La informaci\u00f3n mencionada en este sitio web es s\u00f3lo para fines generales. Nos esforzamos por mantener esta informaci\u00f3n actualizada y correcta.\n<br>\n<br>\nNordman Algorithms no promete que la informaci\u00f3n disponible en el sitio web, el servicio o cualquier caracter\u00edstica del sitio web est\u00e9 libre de inexactitudes, omisiones o errores tipogr\u00e1ficos. Todo el contenido, las caracter\u00edsticas y los servicios del sitio web est\u00e1n sujetos a cambios sin previo aviso. Usted es el \u00fanico responsable del uso del sitio web.\n<br>\n<br>\nEl objetivo de Nordman Algorithms es llevar a cabo nuestro negocio poniendo las necesidades e intereses del cliente en el centro de atenci\u00f3n y siguiendo las demandas y especificaciones deseadas. Nuestro objetivo es la cooperaci\u00f3n rentable y sostenible. La responsabilidad del Cliente incluye probar y utilizar el producto bajo su propia responsabilidad. Nordman Algorithms no se hace responsable de los beneficios\/p\u00e9rdidas, reclamaciones de terceros o cualquier otra posible p\u00e9rdida relacionada con el uso del producto. Para m\u00e1s informaci\u00f3n sobre los posibles riesgos, consulte la p\u00e1gina de divulgaci\u00f3n de riesgos.\n<br>\n<\/div>\n<br>\n<a name=\"Non-disclosure-agreement-NDA\"><\/a>\n\n\n\n<h2 class=\"wp-block-heading\"><strong>Privacidad<\/strong><\/h2>\n\n\n\n<a name=\"Acuerdo-de-no-divulgacion\"><\/a>\n<div id=\"base_div\" style=\"font-family:'Nunito Sans', sans-serif; font-size:20px; line-height:28px\">\nPor favor, consulte la p\u00e1gina de pol\u00edtica de privacidad para obtener m\u00e1s detalles sobre la pol\u00edtica de privacidad de Nordman Algorithms. El uso del sitio web implica que usted ha le\u00eddo, reconocido y aceptado la pol\u00edtica de privacidad que se aplica al uso de este sitio web.\n<br>\n<\/div>\n<br>\n\n\n\n<h2 class=\"wp-block-heading\"><strong>Acuerdo de no divulgaci\u00f3n (NDA)<\/strong><\/h2>\n\n\n\n<div id=\"base_div\" style=\"font-family:'Nunito Sans', sans-serif; font-size:20px; line-height:28px\">\nGarantizamos el mantenimiento de la confidencialidad de su sistema de negociaci\u00f3n. Garantizamos no hacer nunca la reventa o la publicaci\u00f3n de su sistema de comercio, incluyendo las ideas de comercio o especificaciones. Un acuerdo de no divulgaci\u00f3n protege los datos de propiedad intelectual, incluida la divulgaci\u00f3n de las especificaciones del sistema. No hay obligaciones por nuestra parte: \n<ul>\n<br>\n<li> informaci\u00f3n que era conocida antes de conocer la Informaci\u00f3n Confidencial del cliente;<\/li> \n<li> informaci\u00f3n que se hizo p\u00fablica sin que el Destinatario realizara ninguna acci\u00f3n ilegal;<\/li> \n<li> informaci\u00f3n que nos lleg\u00f3 de un tercero sin ninguna restricci\u00f3n para su uso o divulgaci\u00f3n;<\/li> \n<li> informaci\u00f3n que desarrollamos de forma independiente sin utilizar la Informaci\u00f3n Confidencial.<\/li>\n<\/ul>\n<\/div>\n<br>\n\n\n\n<h2 class=\"wp-block-heading\"><strong>Pruebas y apoyo<\/strong><\/h2>\n\n\n\n<div id=\"base_div\" style=\"font-family:'Nunito Sans', sans-serif; font-size:20px; line-height:28px\">\nEl cliente es responsable de las pruebas. Proporcionamos un soporte de por vida para el software seg\u00fan las especificaciones originales. El sorporte incluye la correcci\u00f3n de los principales errores, las diferencias evidentes con respecto a las especificaciones originales dentro de las posibilidades t\u00e9cnicas del software correspondiente y la asistencia para la instalaci\u00f3n.\n<br>\n<br>\nLa etapa de apoyo suele ser la m\u00e1s prolongada e intensa de un proyecto. En esta etapa, usted, como cliente, revisa el software desarrollado para asegurarse de que se implementa de acuerdo con sus necesidades y requisitos. Aunque siempre realizamos las comprobaciones en la fase beta nosotros mismos, podr\u00eda haber casos de malentendidos, problemas relacionados con la plataforma de negociaci\u00f3n, otros errores espec\u00edficos causados por el uso incorrecto del software. Estos problemas se eval\u00faan durante la fase de asistencia y se solucionan en gran parte con usted, extrayendo archivos de registro y capturas de pantalla de los errores detectados, conect\u00e1ndose de forma remota y ejecutando cualquier otro procedimiento necesario.\n<br>\n<br>\nA todos nuestros clientes les proporcionamos una amplia asistencia que incluye una garant\u00eda de por vida para la correcci\u00f3n de errores, ayuda para la instalaci\u00f3n del software, modificaciones de ajuste y tutoriales sobre el uso del software.\n<br>\n<\/div>\n<br>\n\n\n\n<h2 class=\"wp-block-heading\"><strong>Responsabilidades del cliente<\/strong><\/h2>\n\n\n\n<div id=\"base_div\" style=\"font-family:'Nunito Sans', sans-serif; font-size:20px; line-height:28px\">\nEl cliente est\u00e1 obligado a suministrar informaci\u00f3n por escrito y a proporcionar toda la gama de indicadores personalizados o aplicaciones externas necesarias para completar el proyecto.\n<br>\n<br>\nEn el caso de una informaci\u00f3n inadecuada u otra inconsistencia, podemos ponernos en contacto con usted. No obstante, no nos responsabilizamos de las posibles equivocaciones que se produzcan debido a una descripci\u00f3n no precisa. Tambi\u00e9n se puede cobrar por el trabajo adicional.\n<br>\n<br>\nEl cliente es responsable de las pruebas del programa, para verificar que el producto se corresponde con la necesidad y las especificaciones proporcionadas.\n<br>\n<\/div>\n<br>\n\n\n\n<h2 class=\"wp-block-heading\"><strong>Advertencia de riesgo<\/strong><\/h2>\n\n\n\n<a name=\"Fecha-aproximada-para-el-envio\"><\/a>\n<div id=\"base_div\" style=\"font-family:'Nunito Sans', sans-serif; font-size:20px; line-height:28px\">\nEl comercio de divisas incluye un alto nivel de riesgo y un grado de apalancamiento, que puede ser inadecuado para usted como inversor. Tenga en cuenta su nivel de experiencia, sus objetivos y su actitud de riesgo antes de invertir. Tenga en cuenta la posibilidad de perder parcial o totalmente su inversi\u00f3n inicial, as\u00ed que evite invertir sumas que no le resulten asequibles. Por favor, revise todos los posibles riesgos de inversi\u00f3n y consulte a un asesor financiero independiente en caso de dudas.\n<a name=\"Payment-terms-and-methods\"><\/a>\n<br>\nPara m\u00e1s informaci\u00f3n sobre los posibles riesgos, consulte la p\u00e1gina de divulgaci\u00f3n de riesgos.\n<br>\n<\/div>\n<br>\n\n\n\n<h2 class=\"wp-block-heading\"><strong>Fecha aproximada para el env\u00edo<\/strong><\/h2>\n\n\n\n<a name=\"Condiciones-y-metodos-de-pago\"><\/a>\n<div id=\"base_div\" style=\"font-family:'Nunito Sans', sans-serif; font-size:20px; line-height:28px\">\nEl tiempo medio que se tarda en desarrollar un producto desde que se acuerda el pliego de condiciones es de entre 3 a 5 d\u00edas laborables. El desarrollo del producto puede ser m\u00e1s r\u00e1pido, el periodo de desarrollo establecido depende de la complejidad del proyecto.\n<br>\n<\/div>\n<br>\n\n\n\n<h2 class=\"wp-block-heading\"><strong>Condiciones y m\u00e9todos de pago<\/strong><\/h2>\n\n\n\n<a name=\"Obligaciones-de-garantia-del-producto\"><\/a>\n<div id=\"base_div\" style=\"font-family:'Nunito Sans', sans-serif; font-size:20px; line-height:28px\">\nNordman Algorithms opera en r\u00e9gimen de prepago. Se debe realizar un prepago del 100% antes del inicio del desarrollo del producto.\n<br>\n<a name=\"Product-warranty-obligations\"><\/a>\nPodemos recibir los pagos a trav\u00e9s de varios canales: por tarjeta de cr\u00e9dito tras la emisi\u00f3n de una factura electr\u00f3nica en su correo electr\u00f3nico, o por transferencia bancaria directa. \n<br>\nLa mayor\u00eda de nuestros pagos se procesan a trav\u00e9s de PayPal, sin embargo, si tiene alg\u00fan problema con este sistema, no dude en ponerse en contacto con nosotros y encontraremos una soluci\u00f3n de pago que le convenga.\n<br>\n<\/div>\n<br>\n\n\n\n<h2 class=\"wp-block-heading\"><strong>Obligaciones de garant\u00eda del producto<\/strong><\/h2>\n\n\n\n<a name=\"Politica-de-reembolso\"><\/a>\n<div id=\"base_div\" style=\"font-family:'Nunito Sans', sans-serif; font-size:20px; line-height:28px\">\nA todos nuestros clientes les ofrecemos una garant\u00eda de por vida libre de errores.<a name=\"Refund-policy\"><\/a>\nAl ofrecer una garant\u00eda de por vida, estamos seguros de la alta calidad de los productos que creamos. Nos comprometemos a reparar de forma indefinida y gratuita cualquier error encontrado en el software desarrollado por nosotros. De este modo, demostramos la calidad de nuestro trabajo, que conseguimos gracias a nuestro proceso de ingenier\u00eda y a la continua atenci\u00f3n a los detalles.\n<br>\n<\/div>\n<br>\n\n\n\n<h2 class=\"wp-block-heading\"><strong>Pol\u00edtica de reembolso<\/strong><\/h2>\n\n\n\n<div id=\"base_div\" style=\"font-family:'Nunito Sans', sans-serif; font-size:20px; line-height:28px\">\nEl cliente puede solicitar un reembolso en cualquier momento antes de que se le env\u00ede el montaje compilado del software solicitado, o en caso de que surjan problemas t\u00e9cnicos imprevistos que imposibiliten la codificaci\u00f3n del software de comercio solicitado y el cliente no quiera modificar los requisitos para adaptarse a la soluci\u00f3n t\u00e9cnica existente.\n<br>\n<\/div>\n<br>\n\n\n\n<h2 class=\"wp-block-heading\"><strong>Modificaciones en las condiciones de servicio<\/strong><\/h2>\n\n\n\n<div id=\"base_div\" style=\"font-family:'Nunito Sans', sans-serif; font-size:20px; line-height:28px\">\nNordman Algorithms se reserva el derecho de cambiar, modificar, a\u00f1adir o eliminar cualquier parte de las Condiciones de Servicio en su totalidad o en parte, en cualquier momento. La modificaci\u00f3n o el cambio de las condiciones del servicio entrar\u00e1 en vigor una vez que se publique el aviso de dichos cambios. Si contin\u00faa utilizando el sitio web despu\u00e9s de la modificaci\u00f3n de las condiciones de servicio, se considerar\u00e1 que acepta dichas modificaciones.\n<br>\n<\/div>\n<br>\n\n\n\n<h2 class=\"wp-block-heading\"><strong>Enlaces a sitios web de terceros<\/strong><\/h2>\n\n\n\n<div id=\"base_div\" style=\"font-family:'Nunito Sans', sans-serif; font-size:20px; line-height:28px\">\nEste sitio web puede proporcionar enlaces a otros sitios web de terceros. Nordman Algorithms no hace ninguna declaraci\u00f3n sobre cualquier otro sitio web al que pueda acceder a trav\u00e9s de este sitio web.\n<br>\n<br>\nUsted reconoce y acepta que Nordman Algorithms no es responsable del contenido de ning\u00fan sitio web vinculado ni de ning\u00fan enlace incluido en un sitio web vinculado. Las referencias en este sitio web a cualquier nombre, marca, producto o servicio de terceros o los enlaces de hipertexto a sitios web o informaci\u00f3n de terceros se proporcionan \u00fanicamente para su comodidad y no constituyen una aprobaci\u00f3n o asociaci\u00f3n con Nordman Algorithms de dichos sitios web o del contenido, productos, publicidad u otros materiales presentados en dichos sitios web.\n<br>\n<br>\nUsted reconoce y acepta que Nordman Algorithms no es responsable, directa o indirectamente, de cualquier da\u00f1o o p\u00e9rdida causada o supuestamente causada por o en relaci\u00f3n con el uso o la confianza en cualquier contenido, bienes o servicios disponibles en dichos sitios web enlazados.\n<br>\n<\/div>\n<br>\n\n\n\n<h2 class=\"wp-block-heading\"><strong>Comentarios<\/strong><\/h2>\n\n\n\n<div id=\"base_div\" style=\"font-family:'Nunito Sans', sans-serif; font-size:20px; line-height:28px\">\nUsted acepta que cualquier comentario que proporcione en este sitio web ser\u00e1 tratado por Nordman Algorithms como no confidencial. Nordman Algorithms se reserva el derecho de utilizar dichos comentarios o informaci\u00f3n de forma ilimitada.\n<br>\n<\/div>\n<br>\n\n\n\n<h2 class=\"wp-block-heading\"><strong>Contactenos<\/strong><\/h2>\n\n\n\n<div id=\"base_div\" style=\"font-family:'Nunito Sans', sans-serif; font-size:20px; line-height:28px\">\nSi tiene alguna pregunta relacionada con Nordman Algorithms o con las Condiciones de servicio del sitio web, p\u00f3ngase en contacto con nosotros.\n<br>\n<br>\nGracias por leer estas condiciones de servicio.\n<br>\n<\/div>\n<br>\n\n\n\n<p><\/p>\n","protected":false},"excerpt":{"rendered":"<p>Administrador del sitio web El propietario y administrador del sitio web www.nordman-algorithms.com (&#8220;Sitio web&#8221;) es Nordman Algorithms O\u00dc, una sociedad an\u00f3nima constituida bajo las leyes de Estonia, con domicilio social en Tallin, Vesiv\u00e4rava str. 50-201, c\u00f3digo de registro: 14435535. Aceptaci\u00f3n de las condiciones de servicio Su acuerdo con nosotros incluye estas condiciones de servicio que &hellip; <a href=\"https:\/\/www.nordman-algorithms.com\/es\/terminos\/\" class=\"more-link\">Continue reading<span class=\"screen-reader-text\"> &#8220;Condiciones de servicio&#8221;<\/span><\/a><\/p>\n","protected":false},"author":1,"featured_media":0,"parent":0,"menu_order":0,"comment_status":"closed","ping_status":"closed","template":"template-legal.php","meta":{"footnotes":"","_links_to":"","_links_to_target":""},"_links":{"self":[{"href":"https:\/\/www.nordman-algorithms.com\/es\/wp-json\/wp\/v2\/pages\/5460"}],"collection":[{"href":"https:\/\/www.nordman-algorithms.com\/es\/wp-json\/wp\/v2\/pages"}],"about":[{"href":"https:\/\/www.nordman-algorithms.com\/es\/wp-json\/wp\/v2\/types\/page"}],"author":[{"embeddable":true,"href":"https:\/\/www.nordman-algorithms.com\/es\/wp-json\/wp\/v2\/users\/1"}],"replies":[{"embeddable":true,"href":"https:\/\/www.nordman-algorithms.com\/es\/wp-json\/wp\/v2\/comments?post=5460"}],"version-history":[{"count":61,"href":"https:\/\/www.nordman-algorithms.com\/es\/wp-json\/wp\/v2\/pages\/5460\/revisions"}],"predecessor-version":[{"id":14134,"href":"https:\/\/www.nordman-algorithms.com\/es\/wp-json\/wp\/v2\/pages\/5460\/revisions\/14134"}],"wp:attachment":[{"href":"https:\/\/www.nordman-algorithms.com\/es\/wp-json\/wp\/v2\/media?parent=5460"}],"curies":[{"name":"wp","href":"https:\/\/api.w.org\/{rel}","templated":true}]}}