{"id":5081,"date":"2020-05-20T13:54:40","date_gmt":"2020-05-20T10:54:40","guid":{"rendered":"https:\/\/www.nordman-algorithms.com\/?page_id=5081"},"modified":"2022-10-16T14:57:53","modified_gmt":"2022-10-16T11:57:53","slug":"politica-de-privacidad","status":"publish","type":"page","link":"https:\/\/www.nordman-algorithms.com\/es\/politica-de-privacidad\/","title":{"rendered":"Pol\u00edtica de privacidad"},"content":{"rendered":"\n<p><strong>\u00daltima actualizaci\u00f3n:<\/strong>  20 de mayo de 2022 <\/p>\n\n\n\n<div id=\"base_div\" style=\"font-family:'Nunito Sans', sans-serif; font-size:20px; line-height:28px\">\n<br>\nNordman Algorithms (&#8220;Compa\u00f1\u00eda&#8221;, &#8220;nosotros&#8221;, &#8220;nos&#8221; o &#8220;nuestro&#8221;) opera el sitio web https:\/\/www.nordman-algorithms.com (en adelante, el &#8220;Servicio&#8221;). Valoramos su privacidad y queremos asegurarnos de que entiende nuestras pol\u00edticas de privacidad y nuestro sitio web.\n<br>\nEsta p\u00e1gina le informa de nuestra pol\u00edtica de recogida, uso y divulgaci\u00f3n de datos personales cuando utiliza nuestro Servicio y de las opciones que tiene asociadas a esos datos.\n<br>\nAl utilizar el Servicio, usted acepta que recopilemos, almacenemos, utilicemos y divulguemos su informaci\u00f3n personal como se describe en esta Pol\u00edtica de Privacidad. Si hay alg\u00fan t\u00e9rmino de esta pol\u00edtica de privacidad con el que no est\u00e9 de acuerdo, por favor, cese el uso nuestro Servicio.\n<br>\n<\/div>\n<br>\n<br>\n\n\n\n<h2 class=\"wp-block-heading\"><strong>Recogida y uso de la informaci\u00f3n<\/strong><\/h2>\n\n\n\n<div id=\"base_div\" style=\"font-family:'Nunito Sans', sans-serif; font-size:20px; line-height:28px\">\nRecogemos varios tipos de informaci\u00f3n con diversos fines para proporcionarle y mejorar nuestro Servicio.\n<br>\n<\/div>\n<br>\n<br>\n\n\n\n<h2 class=\"wp-block-heading\"><strong>Tipos de datos recogidos<\/strong><\/h2>\n\n\n\n<br>\n<h4><em>Datos personales<\/em><\/h4>\n\n\n\n<div id=\"base_div\" style=\"font-family:'Nunito Sans', sans-serif; font-size:20px; line-height:28px\">\nAl utilizar nuestro Servicio, es posible que le pidamos que nos proporcione cierta informaci\u00f3n de identificaci\u00f3n personal que puede utilizarse para ponerse en contacto con usted o identificarle (&#8220;Datos personales&#8221;). La informaci\u00f3n personal identificable puede incluir, pero no est\u00e1 limitada a:\n<br>\n<ul>\n<li>Direcci\u00f3n de correo electr\u00f3nico<\/li>\n<li>Nombre y apellidos<\/li>\n<li>Cookies y datos de uso<\/li>\n<\/ul>\n<br>\n<\/div>\n\n\n\n<h3 class=\"wp-block-heading\"><em>Datos de uso<\/em><\/h3>\n\n\n\n<div id=\"base_div\" style=\"font-family:'Nunito Sans', sans-serif; font-size:20px; line-height:28px\">\nTambi\u00e9n podemos recopilar informaci\u00f3n sobre c\u00f3mo se accede y se utiliza el Servicio (&#8220;Datos de uso&#8221;). Estos datos de uso pueden incluir informaci\u00f3n como la direcci\u00f3n de protocolo de Internet de su ordenador (por ejemplo, la direcci\u00f3n IP), el tipo de navegador, la versi\u00f3n del navegador, las p\u00e1ginas de nuestro Servicio que visita, la hora y la fecha de su visita, el tiempo que pasa en esas p\u00e1ginas, los identificadores \u00fanicos del dispositivo y otros datos de diagn\u00f3stico.\n<br>\n<br>\n<\/div>\n\n\n\n<h3 class=\"wp-block-heading\"><em>Seguimiento &amp; Datos de las cookies<\/em><\/h3>\n\n\n\n<div id=\"base_div\" style=\"font-family:'Nunito Sans', sans-serif; font-size:20px; line-height:28px\">\nUtilizamos cookies y tecnolog\u00edas de seguimiento similares para rastrear la actividad en nuestro Servicio y conservar cierta informaci\u00f3n.\n<br>\nLas cookies son archivos con una peque\u00f1a cantidad de datos que pueden incluir un identificador \u00fanico an\u00f3nimo. Las cookies se env\u00edan a su navegador desde un sitio web y se almacenan en su dispositivo. Las tecnolog\u00edas de seguimiento que tambi\u00e9n se utilizan son balizas, etiquetas y scripts para recopilar y rastrear informaci\u00f3n y para mejorar y analizar nuestro Servicio.\n<br>\nPuede ordenar a su navegador que rechace todas las cookies o que le indique cu\u00e1ndo se env\u00eda una cookie. Sin embargo, si no acepta las cookies, es posible que no pueda utilizar algunas partes de nuestro Servicio.\n<br>\n<br>\n<strong>Ejemplos de cookies que utilizamos:<\/strong>\n<br>\n<br>\n<ul>\n<li><strong>Cookies de sesi\u00f3n.<\/strong>&nbsp;Utilizamos cookies de sesi\u00f3n para el funcionamiento de nuestro servicio.<\/li>\n<li><strong>Cookies de preferencia.<\/strong>&nbsp;Utilizamos cookies de preferencia para recordar sus preferencias y diversos ajustes.<\/li>\n<li><strong>Cookies de seguridad.<\/strong>&nbsp;Utilizamos cookies de seguridad por motivos de seguridad.<\/li>\n<\/ul>\n<\/div>\n<br>\n\n\n\n<h2 class=\"wp-block-heading\"><strong>Uso de los datos<\/strong><\/h2>\n\n\n\n<div id=\"base_div\" style=\"font-family:'Nunito Sans', sans-serif; font-size:20px; line-height:28px\">\nUtilizamos los Datos Personales recogidos a trav\u00e9s de nuestro Servicio para una serie de fines comerciales que se describen a continuaci\u00f3n. Tratamos sus Datos Personales para estos fines bas\u00e1ndonos en nuestros leg\u00edtimos intereses comerciales, para celebrar o ejecutar un contrato con usted, con su consentimiento, y\/o para cumplir con nuestras obligaciones legales. A continuaci\u00f3n indicamos los motivos espec\u00edficos de tratamiento en los que nos basamos junto a cada finalidad.\n<br>\n<br>\nUtilizamos la informaci\u00f3n que recogemos o recibimos:\n<br>\n<br>\n<ul>\n<li>Para enviarle informaci\u00f3n administrativa. Podemos utilizar sus datos personales para enviarle informaci\u00f3n sobre productos, servicios y nuevas caracter\u00edsticas y\/o informaci\u00f3n sobre cambios en nuestros t\u00e9rminos, condiciones y pol\u00edticas.<\/li>\n<li>Cumpla y gestione sus pedidos. Podemos utilizar sus Datos Personales para cumplir y gestionar sus pedidos, pagos, devoluciones y cambios realizados a trav\u00e9s del Servicio.<\/li>\n<li>Ofrecerle publicidad dirigida. Podemos utilizar sus datos personales para desarrollar y mostrar contenidos y publicidad (y trabajar con terceros que lo hagan) adaptados a sus intereses adem\u00e1s de su ubicaci\u00f3n y para medir su eficacia.<\/li>\n<li>Solicite su opini\u00f3n. Podemos utilizar sus Datos Personales para solicitar comentarios y ponernos en contacto con usted sobre su uso de nuestro Servicio.<\/li>\n<li>Para proteger nuestros servicios. Podemos utilizar sus Datos Personales como parte de nuestros esfuerzos para mantener nuestro Servicio seguro y protegido (por ejemplo, para el control y la prevenci\u00f3n del fraude).<\/li>\n<li>Para hacer cumplir nuestros t\u00e9rminos, condiciones y pol\u00edticas con fines comerciales, legales y contractuales.<\/li>\n<li>Prestar servicios al usuario. Podemos utilizar sus datos para prestarle el servicio solicitado.<\/li>\n<li>Responder a las consultas de los usuarios\/ofrecerles apoyo. Podemos utilizar los Datos Personales para responder a sus consultas y resolver cualquier posible problema que pueda tener con el uso de nuestros Servicios.<\/li>\n<li>Para otros fines comerciales. Podemos utilizar sus Datos Personales para otros fines comerciales, como el an\u00e1lisis de datos, la identificaci\u00f3n de tendencias de uso, la determinaci\u00f3n de la eficacia de nuestras campa\u00f1as promocionales y la evaluaci\u00f3n y mejora de nuestros servicios, productos, marketing y su experiencia. Podemos utilizar y almacenar esta informaci\u00f3n de forma agregada y an\u00f3nima para que no est\u00e9 asociada a usuarios finales individuales y no incluya Datos Personales. No utilizaremos informaci\u00f3n personal identificable sin su consentimiento.<\/li>\n<\/ul>\n<\/div>\n<br>\n\n\n\n<h2 class=\"wp-block-heading\"><strong>Transferencia de datos<\/strong><\/h2>\n\n\n\n<div id=\"base_div\" style=\"font-family:'Nunito Sans', sans-serif; font-size:20px; line-height:28px\">\nSu informaci\u00f3n, incluidos los Datos Personales, puede ser transferida y mantenida en ordenadores situados fuera de su estado, provincia, pa\u00eds u otra jurisdicci\u00f3n gubernamental donde las leyes de protecci\u00f3n de datos pueden ser diferentes a las de su jurisdicci\u00f3n.\n<br>\nSi se encuentra fuera de los Estados Unidos y decide proporcionarnos informaci\u00f3n, tenga en cuenta que transferimos los datos, incluidos los datos personales, a los Estados Unidos y los procesamos all\u00ed.\n<br>\nSu consentimiento a la presente pol\u00edtica de privacidad, seguido del env\u00edo de dicha informaci\u00f3n, representa su acuerdo con dicha transferencia.\n<br>\nTomaremos todas las medidas razonablemente necesarias para garantizar que sus datos sean tratados de forma segura y de acuerdo con esta Pol\u00edtica de Privacidad, no se realizar\u00e1 ninguna transferencia de sus Datos Personales a una organizaci\u00f3n o pa\u00eds a menos que existan controles adecuados que incluyan la seguridad de sus datos y otra informaci\u00f3n personal.\n<br>\n<\/div>\n<br>\n\n\n\n<h2 class=\"wp-block-heading\"><strong>Divulgaci\u00f3n de datos<\/strong><\/h2>\n\n\n\n<br>\n<h3><em>Requisitos legales<\/em><\/h3>\n\n\n\n<div id=\"base_div\" style=\"font-family:'Nunito Sans', sans-serif; font-size:20px; line-height:28px\">\nPodemos revelar sus Datos Personales si creemos de buena fe que dicha acci\u00f3n es necesaria para:\n<br>\n<br>\n<ul>\n<li>Para cumplir con una obligaci\u00f3n legal<\/li>\n<li>Para proteger y defender los derechos o la propiedad de Nordman Algorithms<\/li>\n<li>Para prevenir o investigar posibles infracciones en relaci\u00f3n con el Servicio<\/li>\n<li>Proteger la seguridad personal de los usuarios del Servicio o del p\u00fablico<\/li>\n<li>Para protegerse de la responsabilidad legal<\/li>\n<\/ul>\n<\/div>\n<br>\n\n\n\n<h3 class=\"wp-block-heading\"> <em>Divulgaci\u00f3n para la aplicaci\u00f3n de la ley<\/em><\/h3>\n\n\n\n<div id=\"base_div\" style=\"font-family:'Nunito Sans', sans-serif; font-size:20px; line-height:28px\">\nEn determinadas circunstancias, Nordman Algorithms puede verse obligada a revelar sus Datos Personales si as\u00ed lo exige la ley o en respuesta a solicitudes v\u00e1lidas de las autoridades p\u00fablicas (por ejemplo, un tribunal o una agencia gubernamental).\n<br>\n<\/div>\n<br>\n<br>\n\n\n\n<h2 class=\"wp-block-heading\"><strong>Seguridad de los datos<\/strong><\/h2>\n\n\n\n<div id=\"base_div\" style=\"font-family:'Nunito Sans', sans-serif; font-size:20px; line-height:28px\">\nNos preocupamos por la seguridad de su informaci\u00f3n y utilizamos salvaguardas f\u00edsicas, administrativas y tecnol\u00f3gicas comercialmente razonables para preservar la integridad y seguridad de toda la informaci\u00f3n que recopilamos y que compartimos con nuestros proveedores de servicios. Sin embargo, no podemos garantizar al 100% la seguridad de nuestros sistemas. Si la informaci\u00f3n bajo nuestro control se ve comprometida, tomaremos medidas comercialmente razonables para investigar la situaci\u00f3n. En su caso, notificaremos a las personas cuya informaci\u00f3n pueda haber sido comprometida. Podemos tomar otras medidas de acuerdo con las leyes y reglamentos aplicables.\n<\/div>\n<br>\n\n\n\n<h2 class=\"wp-block-heading\"> <strong>Conservaci\u00f3n de datos<\/strong><\/h2>\n\n\n\n<div id=\"base_div\" style=\"font-family:'Nunito Sans', sans-serif; font-size:20px; line-height:28px\">\nConservamos sus Datos Personales durante el tiempo necesario para proporcionarle el Servicio, y posteriormente seg\u00fan lo establecido en nuestro acuerdo de Condiciones de Servicio con usted, o antes si lo solicita (excepto si lo exige la ley). En algunos casos, conservamos los Datos Personales durante m\u00e1s tiempo, si es necesario para cumplir con nuestras obligaciones legales, resolver litigios o si lo permite o exige la ley, la norma o el reglamento aplicables. A la hora de eliminarlos, destruiremos o haremos ilegibles dichos Datos Personales. Posteriormente, conservamos cierta informaci\u00f3n de forma despersonalizada o agregada, pero no de forma que le identifique personalmente.\n<\/div>\n<br>\n\n\n\n<h2 class=\"wp-block-heading\"><strong>Proveedores de servicios<\/strong><\/h2>\n\n\n\n<div id=\"base_div\" style=\"font-family:'Nunito Sans', sans-serif; font-size:20px; line-height:28px\">\nPodemos emplear a terceras empresas y personas para facilitar nuestro Servicio (&#8220;Proveedores de Servicios&#8221;), para proporcionar el Servicio en nuestro nombre, para realizar servicios relacionados con el Servicio o para ayudarnos a analizar c\u00f3mo se utiliza nuestro Servicio.\n<br>\nEstos terceros tienen acceso a sus Datos Personales \u00fanicamente para realizar estas tareas en nuestro nombre y est\u00e1n obligados a no divulgarlos ni utilizarlos para ning\u00fan otro fin.\n<br>\n<\/div>\n<br>\n\n\n\n<h3 class=\"wp-block-heading\"><strong>Anal\u00edtica<\/strong><\/h3>\n\n\n\n<div id=\"base_div\" style=\"font-family:'Nunito Sans', sans-serif; font-size:20px; line-height:28px\">\nPodemos utilizar proveedores de servicios de terceros para supervisar y analizar el uso de nuestro Servicio.\n<br>\n<br>\n<strong>Google Analytics<\/strong>\n<br>\nGoogle Analytics es un servicio de an\u00e1lisis web ofrecido por Google que rastrea e informa sobre el tr\u00e1fico del sitio web. Google utiliza los datos recogidos para rastrear y supervisar el uso de nuestro Servicio. Estos datos se comparten con otros servicios de Google. Google puede utilizar los datos recogidos para contextualizar y personalizar los anuncios de su propia red publicitaria.\n<br>\nPuede optar por no poner su actividad en el Servicio a disposici\u00f3n de Google Analytics instalando el complemento de inhabilitaci\u00f3n para navegadores de Google Analytics. El complemento impide que el JavaScript de Google Analytics (ga.js, analytics.js y dc.js) comparta informaci\u00f3n con Google Analytics sobre la actividad de las visitas.\n<br>\nPara obtener m\u00e1s informaci\u00f3n sobre las pr\u00e1cticas de privacidad de Google, visite la p\u00e1gina web de las condiciones de privacidad de Google:  <a href=\"https:\/\/policies.google.com\/privacy?hl=en\">https:\/\/policies.google.com\/privacy?hl=en<\/a> \n<br>\n<br>\n<strong>Yandex.Metrica<\/strong>\n<br>\nYandex.Metrica es una herramienta de an\u00e1lisis web que obtiene informes visuales y grabaciones de v\u00eddeo de la actividad de los usuarios, rastrea las fuentes de tr\u00e1fico y eval\u00faa el rendimiento de la publicidad online y offline.\n<br>\nSi quiere saber m\u00e1s sobre las condiciones de uso del servicio Yandex.Metrica, visite el sitio web:  <a href=\"https:\/\/yandex.com\/legal\/metrica_termsofuse\/\">https:\/\/yandex.com\/legal\/metrica_termsofuse\/<\/a> \n<br>\n<br>\n<\/div>\n<br>\n\n\n\n<h2 class=\"wp-block-heading\"><strong>Enlaces a sitios web de terceros<\/strong><\/h2>\n\n\n\n<div id=\"base_div\" style=\"font-family:'Nunito Sans', sans-serif; font-size:20px; line-height:28px\">\nNuestro Servicio puede contener enlaces a otros sitios web que no son operados por nosotros. Si hace clic en un enlace de un tercero, ser\u00e1 dirigido al sitio web de ese tercero.\n<br>\nTenga en cuenta que estos sitios web tienen sus propias pol\u00edticas de privacidad y que no aceptamos ninguna responsabilidad por sus pol\u00edticas. Por favor, compruebe las pol\u00edticas individuales antes de enviar cualquier informaci\u00f3n a esos sitios web.\n<br>\nNo tenemos ning\u00fan control ni asumimos ninguna responsabilidad por el contenido, las pol\u00edticas de privacidad o las pr\u00e1cticas de los sitios web o servicios de terceros.\n<br>\n<\/div>\n<br>\n\n\n\n<h2 class=\"wp-block-heading\"><strong>Privacidad de los ni\u00f1os<\/strong><\/h2>\n\n\n\n<div id=\"base_div\" style=\"font-family:'Nunito Sans', sans-serif; font-size:20px; line-height:28px\">\nNuestro Servicio no se dirige a personas menores de 13 a\u00f1os \/ 16 en la UE (&#8220;Ni\u00f1os&#8221;).Si usted es menor de 13 a\u00f1os (16 en la UE), por favor no use nuestro Servicio y por favor no nos env\u00ede ninguna informaci\u00f3n sobre usted.\n<br>\nSi usted es un padre o tutor y tiene conocimiento de que sus hijos nos han proporcionado datos personales, p\u00f3ngase en contacto con nosotros.\n<br>\nSi tenemos conocimiento de que hemos recogido datos personales de ni\u00f1os sin verificar el consentimiento de los padres, tomamos medidas para eliminar esa informaci\u00f3n de nuestros servidores.\n<br>\n<\/div>\n<br>\n\n\n\n<h2 class=\"wp-block-heading\"><strong>Cambios en esta pol\u00edtica de privacidad<\/strong><\/h2>\n\n\n\n<div id=\"base_div\" style=\"font-family:'Nunito Sans', sans-serif; font-size:20px; line-height:28px\">\nPodemos actualizar nuestra pol\u00edtica de privacidad cada cierto tiempo. Le notificaremos cualquier cambio publicando la nueva pol\u00edtica de privacidad en esta p\u00e1gina.\n<br>\nSe lo comunicaremos por correo electr\u00f3nico adem\u00e1s de mediante un aviso destacado en nuestro Servicio, antes de que el cambio entre en vigor, y actualizaremos la fecha en la parte superior de esta pol\u00edtica de privacidad.\n<br>\nLe recomendamos que revise peri\u00f3dicamente esta pol\u00edtica de privacidad para comprobar si se han producido cambios. Los cambios en esta pol\u00edtica de privacidad entran en vigor cuando se publican en esta p\u00e1gina.\n<br>\n<\/div>\n<br>\n\n\n\n<h2 class=\"wp-block-heading\"><strong>Contacte con nosotros<\/strong><\/h2>\n\n\n\n<div id=\"base_div\" style=\"font-family:'Nunito Sans', sans-serif; font-size:20px; line-height:28px\">\nSi tiene alguna pregunta sobre esta pol\u00edtica de privacidad, p\u00f3ngase en contacto con nosotros.\n<br>\n<br>\n<\/div>\n","protected":false},"excerpt":{"rendered":"<p>\u00daltima actualizaci\u00f3n: 20 de mayo de 2022 Nordman Algorithms (&#8220;Compa\u00f1\u00eda&#8221;, &#8220;nosotros&#8221;, &#8220;nos&#8221; o &#8220;nuestro&#8221;) opera el sitio web https:\/\/www.nordman-algorithms.com (en adelante, el &#8220;Servicio&#8221;). Valoramos su privacidad y queremos asegurarnos de que entiende nuestras pol\u00edticas de privacidad y nuestro sitio web. Esta p\u00e1gina le informa de nuestra pol\u00edtica de recogida, uso y divulgaci\u00f3n de datos personales &hellip; <a href=\"https:\/\/www.nordman-algorithms.com\/es\/politica-de-privacidad\/\" class=\"more-link\">Continue reading<span class=\"screen-reader-text\"> &#8220;Pol\u00edtica de privacidad&#8221;<\/span><\/a><\/p>\n","protected":false},"author":1,"featured_media":0,"parent":0,"menu_order":0,"comment_status":"closed","ping_status":"closed","template":"template-legal.php","meta":{"footnotes":"","_links_to":"","_links_to_target":""},"_links":{"self":[{"href":"https:\/\/www.nordman-algorithms.com\/es\/wp-json\/wp\/v2\/pages\/5081"}],"collection":[{"href":"https:\/\/www.nordman-algorithms.com\/es\/wp-json\/wp\/v2\/pages"}],"about":[{"href":"https:\/\/www.nordman-algorithms.com\/es\/wp-json\/wp\/v2\/types\/page"}],"author":[{"embeddable":true,"href":"https:\/\/www.nordman-algorithms.com\/es\/wp-json\/wp\/v2\/users\/1"}],"replies":[{"embeddable":true,"href":"https:\/\/www.nordman-algorithms.com\/es\/wp-json\/wp\/v2\/comments?post=5081"}],"version-history":[{"count":44,"href":"https:\/\/www.nordman-algorithms.com\/es\/wp-json\/wp\/v2\/pages\/5081\/revisions"}],"predecessor-version":[{"id":14029,"href":"https:\/\/www.nordman-algorithms.com\/es\/wp-json\/wp\/v2\/pages\/5081\/revisions\/14029"}],"wp:attachment":[{"href":"https:\/\/www.nordman-algorithms.com\/es\/wp-json\/wp\/v2\/media?parent=5081"}],"curies":[{"name":"wp","href":"https:\/\/api.w.org\/{rel}","templated":true}]}}